{"id":21705,"date":"2020-08-28T13:46:47","date_gmt":"2020-08-28T13:46:47","guid":{"rendered":"https:\/\/potentialandperformance.com\/espanol\/?page_id=21705"},"modified":"2020-09-05T20:56:01","modified_gmt":"2020-09-05T20:56:01","slug":"coaching-de-vida","status":"publish","type":"page","link":"https:\/\/potentialandperformance.com\/espanol\/coaching-de-vida\/","title":{"rendered":"Coaching de vida"},"content":{"rendered":"<div class=\"wpb-content-wrapper\"><section id=\"life_coaching_section\" class=\"vc_row wpb_row vc_row-fluid  vc_custom_1598623505703\"><div class=\"wpb_column vc_column_container vc_col-sm-12  col-xs-mobile-fullwidth\"><div class=\"vc_column-inner \"><div class=\"wpb_wrapper\"><div class=\"vc_row wpb_row vc_inner vc_row-fluid  vc_custom_1598625934103\"><div class=\"wpb_column vc_column_container vc_col-sm-6  col-xs-mobile-fullwidth\"><div class=\"vc_column-inner \"><div class=\"wpb_wrapper\"><div class=\"last-paragraph-no-margin\"><p>La satisfacci\u00f3n con la vida es primordial. Sea cual sea nuestra situaci\u00f3n, debemos disfrutar de lo que estamos haciendo de la mejor manera posible. Y debemos proporcionarnos los elementos correctos que pueden hacerlo posible, como tener relaciones personales y profesionales saludables, mantener una mentalidad positiva, sentirnos valiosos, fomentar sue\u00f1os o participar en actividades significativas.<\/p>\n<p>Ciertamente vivimos situaciones dif\u00edciles que afectan nuestra satisfacci\u00f3n con la vida, que debemos ser capaces de superar eficazmente a tiempo. Si por alguna raz\u00f3n nos cuesta intentar seguir adelante, entonces es fundamental buscar ayuda. Cuanto m\u00e1s larga sea la lucha, mayor ser\u00e1 el impacto en nuestro bienestar y \/ o rendimiento. A veces, lo que se necesita es simplemente reagruparse, reevaluar la (s) situaci\u00f3n (es) y concentrarse en los pasos a seguir para devolverle la satisfacci\u00f3n con la vida &#8230; \u00a1o incluso mejorarla! Ese es el trabajo de un Life Coach: ayudarlo a lograrlo.<\/p>\n<p>Podemos ayudarlo si est\u00e1 experimentando una situaci\u00f3n como:<\/p>\n<\/div><\/div><\/div><\/div><div class=\"wpb_column vc_column_container vc_col-sm-6  col-xs-mobile-fullwidth\"><div class=\"vc_column-inner \"><div class=\"wpb_wrapper\">[vc_single_image image=&#8221;21708&#8243; img_size=&#8221;full&#8221; onclick=&#8221;link_image&#8221; css_animation=&#8221;none&#8221; css=&#8221;.vc_custom_1598623018306{margin-top: 0px !important;}&#8221;]<\/div><\/div><\/div><\/div><div class=\"vc_row wpb_row vc_inner vc_row-fluid  vc_custom_1598632039418 vc_row-has-fill\"><div class=\"wpb_column vc_column_container vc_col-sm-12  col-xs-mobile-fullwidth\"><div class=\"vc_column-inner vc_custom_1598626222722\"><div class=\"wpb_wrapper\"><div class=\" vc_custom_1599339359116 last-paragraph-no-margin\"><ul class=\"coaching_list second_list\">\n<li>Estar cansado de estar atrapado en el mismo espacio mental.<\/li>\n<li>Necesita un cambio en su vida pero no sabe exactamente c\u00f3mo.<\/li>\n<li>Experimentar poca confianza en lo que hace.<\/li>\n<li>Sin idea de c\u00f3mo lidiar con determinadas situaciones.<\/li>\n<li>Tener dificultades para aclarar los objetivos y las formas de lograrlos.<\/li>\n<li>Luchando por encontrar el equilibrio entre la vida personal y laboral.<\/li>\n<li>Necesito encontrar algo m\u00e1s significativo en la vida.<\/li>\n<\/ul>\n<p>Potential &amp; Performance brinda sesiones individuales en l\u00ednea o por tel\u00e9fono en las que lo escucharemos y abordaremos sus necesidades. A trav\u00e9s de su compromiso y nuestra gu\u00eda, lo ayudaremos a volver a conectarse con sus cualidades y fortalezas positivas. Luego, describiremos las acciones necesarias para que realice los cambios necesarios para seguir adelante, sinti\u00e9ndose empoderado, enfocado y confiado.<\/p>\n<p>Mejorar tu vida es solo una cuesti\u00f3n de decisi\u00f3n y compromiso. \u00bfA qu\u00e9 esperas para vivir una vida m\u00e1s satisfactoria? Hazlo ahora. M\u00e1s tarde puede que sea demasiado tarde.<\/p>\n<\/div><\/div><\/div><\/div><\/div><\/div><\/div><\/div><\/section>\n<\/div>","protected":false},"excerpt":{"rendered":"La satisfacci\u00f3n con la vida es primordial. Sea cual sea nuestra situaci\u00f3n, debemos disfrutar de lo que estamos haciendo de la mejor manera posible. Y debemos proporcionarnos los elementos correctos que pueden hacerlo posible, como tener relaciones personales y profesionales saludables, mantener una mentalidad positiva, sentirnos valiosos, fomentar sue\u00f1os o participar en actividades significativas. Ciertamente vivimos situaciones dif\u00edciles que afectan nuestra satisfacci\u00f3n con la vida, que debemos ser capaces de superar eficazmente a tiempo. Si por alguna raz\u00f3n nos cuesta intentar seguir adelante, entonces es fundamental buscar ayuda. Cuanto m\u00e1s larga sea la lucha, mayor ser\u00e1 el impacto en nuestro bienestar y \/ o rendimiento. A veces, lo que se necesita es simplemente reagruparse, reevaluar la (s) situaci\u00f3n (es) y concentrarse en los pasos a seguir para devolverle la satisfacci\u00f3n con la vida ... \u00a1o incluso mejorarla! Ese es el trabajo de un Life Coach: ayudarlo a lograrlo. Podemos ayudarlo si est\u00e1 experimentando una situaci\u00f3n como: [vc_single_image image=\"21708\" img_size=\"full\" onclick=\"link_image\" css_animation=\"none\" css=\".vc_custom_1598623018306{margin-top: 0px !important;}\"] Estar cansado de estar atrapado en el mismo espacio mental. Necesita un cambio en su vida pero no sabe exactamente c\u00f3mo. Experimentar poca confianza en lo que hace. Sin idea de c\u00f3mo lidiar con determinadas situaciones....","protected":false},"author":3,"featured_media":0,"parent":0,"menu_order":0,"comment_status":"closed","ping_status":"closed","template":"","meta":{"_monsterinsights_skip_tracking":false,"_monsterinsights_sitenote_active":false,"_monsterinsights_sitenote_note":"","_monsterinsights_sitenote_category":0,"footnotes":""},"class_list":["post-21705","page","type-page","status-publish","hentry"],"_links":{"self":[{"href":"https:\/\/potentialandperformance.com\/espanol\/wp-json\/wp\/v2\/pages\/21705","targetHints":{"allow":["GET"]}}],"collection":[{"href":"https:\/\/potentialandperformance.com\/espanol\/wp-json\/wp\/v2\/pages"}],"about":[{"href":"https:\/\/potentialandperformance.com\/espanol\/wp-json\/wp\/v2\/types\/page"}],"author":[{"embeddable":true,"href":"https:\/\/potentialandperformance.com\/espanol\/wp-json\/wp\/v2\/users\/3"}],"replies":[{"embeddable":true,"href":"https:\/\/potentialandperformance.com\/espanol\/wp-json\/wp\/v2\/comments?post=21705"}],"version-history":[{"count":7,"href":"https:\/\/potentialandperformance.com\/espanol\/wp-json\/wp\/v2\/pages\/21705\/revisions"}],"predecessor-version":[{"id":21822,"href":"https:\/\/potentialandperformance.com\/espanol\/wp-json\/wp\/v2\/pages\/21705\/revisions\/21822"}],"wp:attachment":[{"href":"https:\/\/potentialandperformance.com\/espanol\/wp-json\/wp\/v2\/media?parent=21705"}],"curies":[{"name":"wp","href":"https:\/\/api.w.org\/{rel}","templated":true}]}}