{"id":21089,"date":"2019-09-19T16:09:16","date_gmt":"2019-09-19T16:09:16","guid":{"rendered":"https:\/\/potentialandperformance.com\/espanol\/?page_id=21089"},"modified":"2020-09-05T19:12:12","modified_gmt":"2020-09-05T19:12:12","slug":"nosotros","status":"publish","type":"page","link":"https:\/\/potentialandperformance.com\/espanol\/nosotros\/","title":{"rendered":"Nosotros"},"content":{"rendered":"<div class=\"wpb-content-wrapper\"><section id=\"about_section\" data-vc-full-width=\"true\" data-vc-full-width-init=\"false\" class=\"vc_row wpb_row vc_row-fluid  vc_custom_1569357403663 wow none vc_row-has-fill pofo-stretch-content pofo-stretch-row-container\"><div class=\"wpb_column vc_column_container vc_col-sm-12  col-xs-mobile-fullwidth\"><div class=\"vc_column-inner \"><div class=\"wpb_wrapper\"><div class=\"last-paragraph-no-margin\"><p class=\"intro_pera\"><img loading=\"lazy\" decoding=\"async\" class=\"alignright wp-image-21627 size-medium\" src=\"https:\/\/potentialandperformance.com\/espanol\/wp-content\/uploads\/2020\/07\/web2-scaled-e1594049783460-253x300.jpg\" alt=\"\" width=\"253\" height=\"300\" srcset=\"https:\/\/potentialandperformance.com\/espanol\/wp-content\/uploads\/2020\/07\/web2-scaled-e1594049783460-253x300.jpg 253w, https:\/\/potentialandperformance.com\/espanol\/wp-content\/uploads\/2020\/07\/web2-scaled-e1594049783460-81x96.jpg 81w, https:\/\/potentialandperformance.com\/espanol\/wp-content\/uploads\/2020\/07\/web2-scaled-e1594049783460.jpg 400w\" sizes=\"auto, (max-width: 253px) 100vw, 253px\" \/>Javier Burga, director de Potential &amp; Performance, tiene una maestr\u00eda en Psicolog\u00eda Deportiva y una licenciatura en Administraci\u00f3n de Empresas. Tiene una trayectoria empresarial de m\u00e1s de 25 a\u00f1os y tiene el privilegio de haber viajado a m\u00e1s de 30 pa\u00edses.<\/p>\n<\/div><h1 class=\"text-medium-gray text-small margin-5px-bottom dynamic-font-size text-uppercase heading-style4  vc_custom_1569264138180  heading-1\"  style=\"font-size: 32px; line-height: 37px; font-weight: 400; color: #40e0d0;\" data-fontsize=\"32px\" data-lineheight=\"37px\">bio<\/h1><div class=\"last-paragraph-no-margin\"><p>Nacido en un hogar de clase media en Per\u00fa, Javier fue testigo desde ni\u00f1o de la lucha de su familia por triunfar en un entorno adverso, con bajas tasas de empleo, hiperinflaci\u00f3n, y terrorismo. Sin embargo, su determinaci\u00f3n de triunfar en la vida lo convirti\u00f3 en un emprendedor desde peque\u00f1o, lo que lo hizo capaz de progresar y pagarse una educaci\u00f3n universitaria privada. Cuando se gradu\u00f3 de la universidad, se hab\u00eda convertido en un ejecutivo calificado debido a su participaci\u00f3n en diferentes sectores (bebidas, agroindustria, servicios). Se cas\u00f3 poco despu\u00e9s de graduarse de la universidad, y su vida se encaminaba hacia un gran desarrollo personal. Desafortunadamente, su esposa fu\u00e9 diagnosticada de c\u00e1ncer 6 meses despu\u00e9s de su boda, y este episodio cambi\u00f3 para siempre su perspectiva de lo que era importante en la vida. Despu\u00e9s de un a\u00f1o de tratamiento contra el c\u00e1ncer, decidieron mudarse a otro pa\u00eds para comenzar una nueva vida, reorientando sus prioridades. Vendieron todo lo que ten\u00edan y lo arriesgaron todo por este cambio. A pesar de que hicieron nuevos amigos y comenzaron nuevas empresas, el c\u00e1ncer regres\u00f3 y su esposa falleci\u00f3 un a\u00f1o y medio despu\u00e9s de su llegada. En ese momento, se qued\u00f3 viudo, en bancarrota, y con un beb\u00e9 de 2 meses de nacido. Sin embargo, creyendo en sus habilidades, potencial y aceptando sus circunstancias, logr\u00f3 seguir desarrollando un exitoso negocio de reciclaje de metales y productos electr\u00f3nicos con su familia durante los siguientes 15 a\u00f1os. Todav\u00eda es copropietario y dirige este negocio hasta el d\u00eda de hoy.<\/p>\n<p>M\u00e1s adelante, al darse cuenta de contar con la aptitud y deseo de ayudar a los dem\u00e1s a mejorar su rendimiento y bienestar en la vida, desarroll\u00f3 una nueva pasi\u00f3n en ese momento de su vida. Decidi\u00f3 delegar la gesti\u00f3n de su empresa a un amigo cercano y se mud\u00f3 a los Estados Unidos para seguir un programa de maestr\u00eda en psicolog\u00eda deportiva. Al hacerlo, aprendi\u00f3 herramientas que, en combinaci\u00f3n con sus experiencias de vida, le permitieron fundar Potential &amp; Performance para ayudar a otros a superar bloqueos mentales o situaciones adversas, y a darse cuenta de los aspectos clave de la vida para aumentar el desempe\u00f1o y satisfacci\u00f3n personal.<\/p>\n<\/div><\/div><\/div><\/div><\/section><div class=\"vc_row-full-width vc_clearfix\"><\/div>\n<\/div>","protected":false},"excerpt":{"rendered":"Javier Burga, director de Potential &amp; Performance, tiene una maestr\u00eda en Psicolog\u00eda Deportiva y una licenciatura en Administraci\u00f3n de Empresas. Tiene una trayectoria empresarial de m\u00e1s de 25 a\u00f1os y tiene el privilegio de haber viajado a m\u00e1s de 30 pa\u00edses. bioNacido en un hogar de clase media en Per\u00fa, Javier fue testigo desde ni\u00f1o de la lucha de su familia por triunfar en un entorno adverso, con bajas tasas de empleo, hiperinflaci\u00f3n, y terrorismo. Sin embargo, su determinaci\u00f3n de triunfar en la vida lo convirti\u00f3 en un emprendedor desde peque\u00f1o, lo que lo hizo capaz de progresar y pagarse una educaci\u00f3n universitaria privada. Cuando se gradu\u00f3 de la universidad, se hab\u00eda convertido en un ejecutivo calificado debido a su participaci\u00f3n en diferentes sectores (bebidas, agroindustria, servicios). Se cas\u00f3 poco despu\u00e9s de graduarse de la universidad, y su vida se encaminaba hacia un gran desarrollo personal. Desafortunadamente, su esposa fu\u00e9 diagnosticada de c\u00e1ncer 6 meses despu\u00e9s de su boda, y este episodio cambi\u00f3 para siempre su perspectiva de lo que era importante en la vida. Despu\u00e9s de un a\u00f1o de tratamiento contra el c\u00e1ncer, decidieron mudarse a otro pa\u00eds para comenzar una nueva vida, reorientando sus prioridades. Vendieron todo lo...","protected":false},"author":2,"featured_media":21627,"parent":0,"menu_order":0,"comment_status":"closed","ping_status":"closed","template":"","meta":{"_monsterinsights_skip_tracking":false,"_monsterinsights_sitenote_active":false,"_monsterinsights_sitenote_note":"","_monsterinsights_sitenote_category":0,"footnotes":""},"class_list":["post-21089","page","type-page","status-publish","has-post-thumbnail","hentry"],"_links":{"self":[{"href":"https:\/\/potentialandperformance.com\/espanol\/wp-json\/wp\/v2\/pages\/21089","targetHints":{"allow":["GET"]}}],"collection":[{"href":"https:\/\/potentialandperformance.com\/espanol\/wp-json\/wp\/v2\/pages"}],"about":[{"href":"https:\/\/potentialandperformance.com\/espanol\/wp-json\/wp\/v2\/types\/page"}],"author":[{"embeddable":true,"href":"https:\/\/potentialandperformance.com\/espanol\/wp-json\/wp\/v2\/users\/2"}],"replies":[{"embeddable":true,"href":"https:\/\/potentialandperformance.com\/espanol\/wp-json\/wp\/v2\/comments?post=21089"}],"version-history":[{"count":8,"href":"https:\/\/potentialandperformance.com\/espanol\/wp-json\/wp\/v2\/pages\/21089\/revisions"}],"predecessor-version":[{"id":21806,"href":"https:\/\/potentialandperformance.com\/espanol\/wp-json\/wp\/v2\/pages\/21089\/revisions\/21806"}],"wp:featuredmedia":[{"embeddable":true,"href":"https:\/\/potentialandperformance.com\/espanol\/wp-json\/wp\/v2\/media\/21627"}],"wp:attachment":[{"href":"https:\/\/potentialandperformance.com\/espanol\/wp-json\/wp\/v2\/media?parent=21089"}],"curies":[{"name":"wp","href":"https:\/\/api.w.org\/{rel}","templated":true}]}}