{"id":21088,"date":"2019-09-19T16:10:11","date_gmt":"2019-09-19T16:10:11","guid":{"rendered":"https:\/\/potentialandperformance.com\/espanol\/?page_id=21088"},"modified":"2021-11-01T21:12:34","modified_gmt":"2021-11-01T21:12:34","slug":"contacto","status":"publish","type":"page","link":"https:\/\/potentialandperformance.com\/espanol\/contacto\/","title":{"rendered":"Contacto"},"content":{"rendered":"<div class=\"wpb-content-wrapper\"><section id=\"contact_section\" class=\"vc_row wpb_row vc_row-fluid  vc_custom_1569264845068\"><div class=\"wpb_column vc_column_container vc_col-sm-8  col-xs-mobile-fullwidth\"><div class=\"vc_column-inner \"><div class=\"wpb_wrapper\"><div class=\"last-paragraph-no-margin\"><div id=\"quform-4abe4c\" class=\"quform quform-1\"><form id=\"quform-form-4abe4c\" class=\"quform-form quform-form-1\" action=\"\/espanol\/wp-json\/wp\/v2\/pages\/21088#quform-4abe4c\" method=\"post\" enctype=\"multipart\/form-data\" novalidate=\"novalidate\" data-options=\"{&quot;id&quot;:1,&quot;uniqueId&quot;:&quot;4abe4c&quot;,&quot;theme&quot;:&quot;&quot;,&quot;ajax&quot;:true,&quot;logic&quot;:{&quot;logic&quot;:[],&quot;dependents&quot;:[],&quot;elementIds&quot;:[],&quot;dependentElementIds&quot;:[],&quot;animate&quot;:true},&quot;currentPageId&quot;:1,&quot;errorsIcon&quot;:&quot;&quot;,&quot;updateFancybox&quot;:true,&quot;hasPages&quot;:false,&quot;pages&quot;:[1],&quot;pageProgressType&quot;:&quot;numbers&quot;,&quot;tooltipsEnabled&quot;:true,&quot;tooltipClasses&quot;:&quot;qtip-quform-dark qtip-shadow&quot;,&quot;tooltipMy&quot;:&quot;left center&quot;,&quot;tooltipAt&quot;:&quot;right center&quot;,&quot;scrollOffset&quot;:-50,&quot;scrollSpeed&quot;:800}\"><button class=\"quform-default-submit\" name=\"quform_submit\" type=\"submit\" value=\"submit\"><\/button><div class=\"quform-form-inner quform-form-inner-1\"><input type=\"hidden\" name=\"quform_form_id\" value=\"1\" \/><input type=\"hidden\" name=\"quform_form_uid\" value=\"4abe4c\" \/><input type=\"hidden\" name=\"quform_count\" value=\"1\" \/><input type=\"hidden\" name=\"form_url\" value=\"https:\/\/potentialandperformance.com\/espanol\/wp-json\/wp\/v2\/pages\/21088\" \/><input type=\"hidden\" name=\"referring_url\" value=\"\" \/><input type=\"hidden\" name=\"post_id\" value=\"\" \/><input type=\"hidden\" name=\"post_title\" value=\"\" \/><input type=\"hidden\" name=\"quform_current_page_id\" value=\"1\" \/><input type=\"hidden\" name=\"quform_csrf_token\" value=\"ePguqjXxoaof44Wmrd99lw9or7PAJ4o8z1fKiALA\" \/><div class=\"quform-elements quform-elements-1 quform-cf quform-responsive-elements-phone-landscape\"><div class=\"quform-element quform-element-page quform-page-1 quform-page-1_1 quform-cf quform-group-style-plain quform-first-page quform-last-page quform-current-page\"><div class=\"quform-child-elements\"><div class=\"quform-element quform-element-row quform-element-row-1_3 quform-2-columns quform-element-row-size-fixed quform-responsive-columns-phone-landscape\"><div class=\"quform-element quform-element-column quform-element-1_4\"><div class=\"quform-element quform-element-text quform-element-1_13 quform-cf quform-element-required\"><div class=\"quform-spacer\"><div class=\"quform-label quform-label-1_13\"><label class=\"quform-label-text\" for=\"quform_1_13_4abe4c\">Tu nombre<\/label><span class=\"quform-required\">*<\/span><\/div><div class=\"quform-inner quform-inner-text quform-inner-1_13\"><div class=\"quform-input quform-input-text quform-input-1_13 quform-cf\"><input type=\"text\" id=\"quform_1_13_4abe4c\" name=\"quform_1_13\" class=\"quform-field quform-field-text quform-field-1_13\" \/><\/div><\/div><\/div><\/div><\/div><div class=\"quform-element quform-element-column quform-element-1_5\"><div class=\"quform-element quform-element-email quform-element-1_14 quform-cf quform-element-required\"><div class=\"quform-spacer\"><div class=\"quform-label quform-label-1_14\"><label class=\"quform-label-text\" for=\"quform_1_14_4abe4c\"> Direcci\u00f3n de correo electr\u00f3nico<\/label><span class=\"quform-required\">*<\/span><\/div><div class=\"quform-inner quform-inner-email quform-inner-1_14\"><div class=\"quform-input quform-input-email quform-input-1_14 quform-cf\"><input type=\"email\" id=\"quform_1_14_4abe4c\" name=\"quform_1_14\" class=\"quform-field quform-field-email quform-field-1_14\" \/><\/div><\/div><\/div><\/div><\/div><\/div><div class=\"quform-element quform-element-row quform-element-row-1_6 quform-2-columns quform-element-row-size-fixed quform-responsive-columns-phone-landscape\"><div class=\"quform-element quform-element-column quform-element-1_7\"><div class=\"quform-element quform-element-text quform-element-1_15 quform-cf quform-element-optional\"><div class=\"quform-spacer\"><div class=\"quform-label quform-label-1_15\"><label class=\"quform-label-text\" for=\"quform_1_15_4abe4c\">N\u00famero de tel\u00e9fono<\/label><\/div><div class=\"quform-inner quform-inner-text quform-inner-1_15\"><div class=\"quform-input quform-input-text quform-input-1_15 quform-cf\"><input type=\"text\" id=\"quform_1_15_4abe4c\" name=\"quform_1_15\" class=\"quform-field quform-field-text quform-field-1_15\" \/><\/div><\/div><\/div><\/div><\/div><div class=\"quform-element quform-element-column quform-element-1_8\"><div class=\"quform-element quform-element-radio quform-element-1_26 quform-cf quform-element-required\"><div class=\"quform-spacer\"><div class=\"quform-label quform-label-1_26\"><label class=\"quform-label-text\">G\u00e9nero<\/label><span class=\"quform-required\">*<\/span><\/div><div class=\"quform-inner quform-inner-radio quform-inner-1_26\"><div class=\"quform-input quform-input-radio quform-input-1_26 quform-cf\"><div class=\"quform-options quform-cf quform-options-inline\"><div class=\"quform-option\"><input type=\"radio\" name=\"quform_1_26\" id=\"quform_1_26_4abe4c_1\" class=\"quform-field quform-field-radio quform-field-1_26 quform-field-1_26_1\" value=\"Masculino\" \/><label for=\"quform_1_26_4abe4c_1\" class=\"quform-option-label quform-option-label-1_26_1\"><span class=\"quform-option-text\">Masculino<\/span><\/label><\/div><div class=\"quform-option\"><input type=\"radio\" name=\"quform_1_26\" id=\"quform_1_26_4abe4c_2\" class=\"quform-field quform-field-radio quform-field-1_26 quform-field-1_26_2\" value=\"Femenino\" \/><label for=\"quform_1_26_4abe4c_2\" class=\"quform-option-label quform-option-label-1_26_2\"><span class=\"quform-option-text\">Femenino<\/span><\/label><\/div><\/div><\/div><\/div><\/div><\/div><\/div><\/div><div class=\"quform-element quform-element-row quform-element-row-1_9 quform-1-columns quform-element-row-size-fixed quform-responsive-columns-phone-landscape\"><div class=\"quform-element quform-element-column quform-element-1_10\"><div class=\"quform-element quform-element-select quform-element-1_27 quform-cf quform-element-optional\"><div class=\"quform-spacer\"><div class=\"quform-label quform-label-1_27\"><label class=\"quform-label-text\" for=\"quform_1_27_4abe4c\">Servicio interesado en<\/label><\/div><div class=\"quform-inner quform-inner-select quform-inner-1_27\"><div class=\"quform-input quform-input-select quform-input-1_27 quform-cf\"><select id=\"quform_1_27_4abe4c\" name=\"quform_1_27\" class=\"quform-field quform-field-select quform-field-1_27\"><option value=\"COACHING DE VIDA\">COACHING DE VIDA<\/option><option value=\"PSICOLOGIA DEPORTIVA\">PSICOLOGIA DEPORTIVA<\/option><option value=\"COACHING EJECUTIVO\">COACHING EJECUTIVO<\/option><\/select><\/div><\/div><\/div><\/div><\/div><\/div><div class=\"quform-element quform-element-row quform-element-row-1_23 quform-1-columns quform-element-row-size-fixed quform-responsive-columns-phone-landscape\"><div class=\"quform-element quform-element-column quform-element-1_24\"><div class=\"quform-element quform-element-textarea quform-element-1_25 quform-cf quform-element-optional\"><div class=\"quform-spacer\"><div class=\"quform-label quform-label-1_25\"><label class=\"quform-label-text\" for=\"quform_1_25_4abe4c\">Comentarios<\/label><\/div><div class=\"quform-inner quform-inner-textarea quform-inner-1_25\"><div class=\"quform-input quform-input-textarea quform-input-1_25 quform-cf\"><textarea id=\"quform_1_25_4abe4c\" name=\"quform_1_25\" class=\"quform-field quform-field-textarea quform-field-1_25\"><\/textarea><\/div><\/div><\/div><\/div><\/div><\/div><div class=\"quform-element quform-element-row quform-element-row-1_19 quform-1-columns quform-element-row-size-fixed quform-responsive-columns-phone-landscape\"><div class=\"quform-element quform-element-column quform-element-1_20\"><div class=\"quform-element quform-element-multiselect quform-element-1_31 quform-cf quform-element-optional\"><div class=\"quform-spacer\"><div class=\"quform-label quform-label-1_31\"><label class=\"quform-label-text\" for=\"quform_1_31_4abe4c\">La mejor forma de contactar<\/label><\/div><div class=\"quform-inner quform-inner-multiselect quform-inner-1_31\"><div class=\"quform-input quform-input-multiselect quform-input-1_31 quform-cf\"><select id=\"quform_1_31_4abe4c\" name=\"quform_1_31[]\" class=\"quform-field quform-field-multiselect quform-field-1_31\" multiple><option value=\"Email\">Email<\/option><option value=\"Tel\u00e9fono\">Tel\u00e9fono<\/option><\/select><\/div><label id=\"quform_1_31_4abe4c_sub_label\" class=\"quform-sub-label\">Please select one or both<\/label><\/div><\/div><\/div><\/div><\/div><div class=\"quform-element quform-element-row quform-element-row-1_28 quform-1-columns quform-element-row-size-fixed quform-responsive-columns-phone-landscape\"><div class=\"quform-element quform-element-column quform-element-1_29\"><div class=\"quform-element quform-element-submit quform-element-1_2 quform-cf quform-button-style-classic quform-button-width-small\"><div class=\"quform-button-submit quform-button-submit-default quform-button-submit-1_2 quform-button-icon-right\"><button name=\"quform_submit\" type=\"submit\" class=\"quform-submit\" value=\"submit\"><span class=\"quform-button-text quform-button-submit-text\">ENVIAR<\/span><span class=\"quform-button-icon quform-button-submit-icon\"><i class=\"qicon-paper-plane\"><\/i><\/span><\/button><\/div><div class=\"quform-loading quform-loading-position-left quform-loading-type-spinner-1\"><div class=\"quform-loading-inner\"><div class=\"quform-loading-spinner\"><div class=\"quform-loading-spinner-inner\"><\/div><\/div><\/div><\/div><\/div><\/div><\/div><div class=\"quform-hidden\"><label>This field should be left blank<input type=\"text\" name=\"quform_1_0\" autocomplete=\"off\" \/><\/label><\/div><\/div><\/div><\/div><\/div><\/form><\/div>\n<\/div><\/div><\/div><\/div><div class=\"wpb_column vc_column_container vc_col-has-fill info_box vc_col-sm-4  col-xs-mobile-fullwidth\"><div class=\"vc_column-inner vc_custom_1569268367625\"><div class=\"wpb_wrapper\"><div class=\"last-paragraph-no-margin\"><h3>PONERSE EN CONTACTO<\/h3>\n<ul class=\"c_info\">\n<li><a href=\"tel:+13053950035\"><i class=\"fa fa-phone\"><\/i>+1 (305) 395 0035<\/a><\/li>\n<li><a href=\"mailto:info@potentialandperformance.com\"><i class=\"fa fa-envelope\"><\/i> info@potentialandperformance.com<\/a><\/li>\n<\/ul>\n<\/div><div  class=\"pofo-social-links social-icon-style-1 social-icon-1\"><ul class=\"small-icon\"><li><a class=\"facebook-f\" href=\"https:\/\/www.facebook.com\/potential.performance\/\" target=\"_blank\"><i class=\"fab fa-facebook-f\"><\/i><\/a><\/li><li><a class=\"linkedin-in\" href=\"https:\/\/www.linkedin.com\/in\/javier-burga-97273634\/\" target=\"_blank\"><i class=\"fab fa-linkedin-in\"><\/i><\/a><\/li><li><a class=\"instagram\" href=\"https:\/\/www.instagram.com\/potential.performance\/\" target=\"_blank\"><i class=\"fab fa-instagram\"><\/i><\/a><\/li><li><a class=\"youtube\" href=\"https:\/\/www.youtube.com\/channel\/UCphdW_jx_x6OLhh8qhE5C4A\" target=\"_blank\"><i class=\"fab fa-youtube\"><\/i><\/a><\/li><\/ul><\/div><\/div><\/div><\/div><\/section>\n<\/div>","protected":false},"excerpt":{"rendered":"Tu nombre* Direcci\u00f3n de correo electr\u00f3nico*N\u00famero de tel\u00e9fonoG\u00e9nero*MasculinoFemeninoServicio interesado enCOACHING DE VIDAPSICOLOGIA DEPORTIVACOACHING EJECUTIVOComentariosLa mejor forma de contactarEmailTel\u00e9fonoPlease select one or bothENVIARThis field should be left blank PONERSE EN CONTACTO +1 (305) 395 0035 info@potentialandperformance.com","protected":false},"author":2,"featured_media":0,"parent":0,"menu_order":0,"comment_status":"closed","ping_status":"closed","template":"","meta":{"_monsterinsights_skip_tracking":false,"_monsterinsights_sitenote_active":false,"_monsterinsights_sitenote_note":"","_monsterinsights_sitenote_category":0,"footnotes":""},"class_list":["post-21088","page","type-page","status-publish","hentry"],"_links":{"self":[{"href":"https:\/\/potentialandperformance.com\/espanol\/wp-json\/wp\/v2\/pages\/21088","targetHints":{"allow":["GET"]}}],"collection":[{"href":"https:\/\/potentialandperformance.com\/espanol\/wp-json\/wp\/v2\/pages"}],"about":[{"href":"https:\/\/potentialandperformance.com\/espanol\/wp-json\/wp\/v2\/types\/page"}],"author":[{"embeddable":true,"href":"https:\/\/potentialandperformance.com\/espanol\/wp-json\/wp\/v2\/users\/2"}],"replies":[{"embeddable":true,"href":"https:\/\/potentialandperformance.com\/espanol\/wp-json\/wp\/v2\/comments?post=21088"}],"version-history":[{"count":9,"href":"https:\/\/potentialandperformance.com\/espanol\/wp-json\/wp\/v2\/pages\/21088\/revisions"}],"predecessor-version":[{"id":21908,"href":"https:\/\/potentialandperformance.com\/espanol\/wp-json\/wp\/v2\/pages\/21088\/revisions\/21908"}],"wp:attachment":[{"href":"https:\/\/potentialandperformance.com\/espanol\/wp-json\/wp\/v2\/media?parent=21088"}],"curies":[{"name":"wp","href":"https:\/\/api.w.org\/{rel}","templated":true}]}}