{"id":21087,"date":"2019-09-19T16:08:31","date_gmt":"2019-09-19T16:08:31","guid":{"rendered":"https:\/\/potentialandperformance.com\/espanol\/?page_id=21087"},"modified":"2020-09-17T13:36:54","modified_gmt":"2020-09-17T13:36:54","slug":"psicologia-deportiva","status":"publish","type":"page","link":"https:\/\/potentialandperformance.com\/espanol\/psicologia-deportiva\/","title":{"rendered":"Psicologia Deportiva"},"content":{"rendered":"<div class=\"wpb-content-wrapper\"><section class=\"vc_row wpb_row vc_row-fluid  vc_custom_1569264190773\"><div class=\"wpb_column vc_column_container vc_col-sm-12  col-xs-mobile-fullwidth\"><div class=\"vc_column-inner \"><div class=\"wpb_wrapper\"><div class=\"vc_row wpb_row vc_inner vc_row-fluid\"><div class=\"wpb_column vc_column_container vc_col-sm-6  col-xs-mobile-fullwidth\"><div class=\"vc_column-inner \"><div class=\"wpb_wrapper\"><div class=\" vc_custom_1600349812555 last-paragraph-no-margin\"><p>Si el juego mental es tan importante \u00bfpor qu\u00e9 hay muchos entrenadores para entrenar cualquier deporte u otras disciplinas, pero solo unos pocos para entrenar habilidades mentales? La Psicolog\u00eda Deportiva es una profesi\u00f3n basada en la ciencia, y que crece cada a\u00f1o debido a su ya reconocida importancia para mejorar el rendimiento. Potential &amp; Performance ofrece un programa integral que ayudar\u00e1 a cualquier atleta a mejorar sus habilidades mentales, con lo cual incrementar\u00e1 su nivel de juego y obtendr\u00e1 resultados m\u00e1s satisfactorios.<\/p>\n<p>Si eres un atleta y comprendes la importancia de la mente en tu disciplina, \u00bfqu\u00e9 est\u00e1s esperando? Podemos ayudar con los siguientes (entre otros) temas:<\/p>\n<ul class=\"coaching_list\">\n<li>Manejo de la ansiedad<\/li>\n<li>Auto-confianza<\/li>\n<li>Control de emociones<\/li>\n<li>Motivaci\u00f3n<\/li>\n<\/ul>\n<\/div><\/div><\/div><\/div><div class=\"wpb_column vc_column_container vc_col-sm-6  col-xs-mobile-fullwidth\"><div class=\"vc_column-inner \"><div class=\"wpb_wrapper\">[vc_single_image image=&#8221;21388&#8243; img_size=&#8221;full&#8221; onclick=&#8221;link_image&#8221; css_animation=&#8221;none&#8221; css=&#8221;.vc_custom_1569269050860{margin-top: 0px !important;}&#8221;]<\/div><\/div><\/div><\/div><div class=\"vc_row wpb_row vc_inner vc_row-fluid  vc_custom_1598635147081\"><div class=\"wpb_column vc_column_container vc_col-sm-12  col-xs-mobile-fullwidth\"><div class=\"vc_column-inner vc_custom_1598632748172\"><div class=\"wpb_wrapper\"><div class=\" vc_custom_1599337032462 last-paragraph-no-margin\"><ul class=\"coaching_list second_list\">\n<li>Mejora de enfoque<\/li>\n<li>Mantenerse en \u2018la zona\u2019<\/li>\n<li>Regreso despu\u00e9s de una lesi\u00f3n<\/li>\n<li>Pensamientos negativos<\/li>\n<li>No ceder en los momentos finales<\/li>\n<li>Satisfacci\u00f3n en su entorno<\/li>\n<li>Mente llena de pensamientos<\/li>\n<li>Hartazgo deportivo<\/li>\n<li>Consejos para padres de atletas<\/li>\n<\/ul>\n<\/div><\/div><\/div><\/div><\/div><\/div><\/div><\/div><\/section>\n<\/div>","protected":false},"excerpt":{"rendered":"Si el juego mental es tan importante \u00bfpor qu\u00e9 hay muchos entrenadores para entrenar cualquier deporte u otras disciplinas, pero solo unos pocos para entrenar habilidades mentales? La Psicolog\u00eda Deportiva es una profesi\u00f3n basada en la ciencia, y que crece cada a\u00f1o debido a su ya reconocida importancia para mejorar el rendimiento. Potential &amp; Performance ofrece un programa integral que ayudar\u00e1 a cualquier atleta a mejorar sus habilidades mentales, con lo cual incrementar\u00e1 su nivel de juego y obtendr\u00e1 resultados m\u00e1s satisfactorios. Si eres un atleta y comprendes la importancia de la mente en tu disciplina, \u00bfqu\u00e9 est\u00e1s esperando? Podemos ayudar con los siguientes (entre otros) temas: Manejo de la ansiedad Auto-confianza Control de emociones Motivaci\u00f3n [vc_single_image image=\"21388\" img_size=\"full\" onclick=\"link_image\" css_animation=\"none\" css=\".vc_custom_1569269050860{margin-top: 0px !important;}\"] Mejora de enfoque Mantenerse en \u2018la zona\u2019 Regreso despu\u00e9s de una lesi\u00f3n Pensamientos negativos No ceder en los momentos finales Satisfacci\u00f3n en su entorno Mente llena de pensamientos Hartazgo deportivo Consejos para padres de atletas","protected":false},"author":2,"featured_media":0,"parent":0,"menu_order":0,"comment_status":"closed","ping_status":"closed","template":"","meta":{"_monsterinsights_skip_tracking":false,"_monsterinsights_sitenote_active":false,"_monsterinsights_sitenote_note":"","_monsterinsights_sitenote_category":0,"footnotes":""},"class_list":["post-21087","page","type-page","status-publish","hentry"],"_links":{"self":[{"href":"https:\/\/potentialandperformance.com\/espanol\/wp-json\/wp\/v2\/pages\/21087","targetHints":{"allow":["GET"]}}],"collection":[{"href":"https:\/\/potentialandperformance.com\/espanol\/wp-json\/wp\/v2\/pages"}],"about":[{"href":"https:\/\/potentialandperformance.com\/espanol\/wp-json\/wp\/v2\/types\/page"}],"author":[{"embeddable":true,"href":"https:\/\/potentialandperformance.com\/espanol\/wp-json\/wp\/v2\/users\/2"}],"replies":[{"embeddable":true,"href":"https:\/\/potentialandperformance.com\/espanol\/wp-json\/wp\/v2\/comments?post=21087"}],"version-history":[{"count":11,"href":"https:\/\/potentialandperformance.com\/espanol\/wp-json\/wp\/v2\/pages\/21087\/revisions"}],"predecessor-version":[{"id":21896,"href":"https:\/\/potentialandperformance.com\/espanol\/wp-json\/wp\/v2\/pages\/21087\/revisions\/21896"}],"wp:attachment":[{"href":"https:\/\/potentialandperformance.com\/espanol\/wp-json\/wp\/v2\/media?parent=21087"}],"curies":[{"name":"wp","href":"https:\/\/api.w.org\/{rel}","templated":true}]}}